{"id":14213,"date":"2023-09-02T12:51:25","date_gmt":"2023-09-02T10:51:25","guid":{"rendered":"http:\/\/pou-si.hr\/rra\/?page_id=14213"},"modified":"2023-09-02T12:51:25","modified_gmt":"2023-09-02T10:51:25","slug":"poticanje-poboljsane-reakcije-prekogranicnih-hitnih-sluzbi-i-prevencija-katastrofa-povecanjem-sigurnosne-razine-firespill","status":"publish","type":"page","link":"http:\/\/pou-si.hr\/rra\/poticanje-poboljsane-reakcije-prekogranicnih-hitnih-sluzbi-i-prevencija-katastrofa-povecanjem-sigurnosne-razine-firespill\/","title":{"rendered":"Poticanje pobolj\u0161ane reakcije prekograni\u010dnih hitnih slu\u017ebi i prevencija katastrofa pove\u0107anjem sigurnosne razine &#8211; FIRESPILL"},"content":{"rendered":"\n<figure class=\"wp-block-image size-large is-resized\"><img loading=\"lazy\" decoding=\"async\" src=\"http:\/\/pou-si.hr\/rra\/wp-content\/uploads\/2023\/09\/interregitacro-1024x276.jpg\" alt=\"\" class=\"wp-image-14215\" style=\"width:814px;height:219px\" width=\"814\" height=\"219\"\/><\/figure>\n\n\n\n<figure class=\"wp-block-image size-large is-resized\"><img loading=\"lazy\" decoding=\"async\" src=\"http:\/\/pou-si.hr\/rra\/wp-content\/uploads\/2023\/09\/firespilllogocmykerdf-1024x342.jpg\" alt=\"\" class=\"wp-image-14214\" style=\"width:833px;height:278px\" width=\"833\" height=\"278\"\/><\/figure>\n\n\n\n<p><strong>NAZIV PROJEKTA:<\/strong><\/p>\n\n\n\n<p>Fostering Improved Reaction of crossborder Emergency Services and Prevention Increasing safety Level &#8211; FIRESPILL<\/p>\n\n\n\n<p><strong>CILJ PROJEKTA: &nbsp;&nbsp;&nbsp;&nbsp;&nbsp;&nbsp;&nbsp;&nbsp;&nbsp;&nbsp;&nbsp;&nbsp;&nbsp;&nbsp;<\/strong><\/p>\n\n\n\n<p>Pobolj\u0161anje kapaciteta \u017eurnih slu\u017ebi u svrhu pove\u0107anja prekograni\u010dne u\u010dinkovitosti u borbi protiv prirodnih i ljudskim utjecajem izazvanih katastrofa smanjuju\u0107i izlo\u017eenost stanovni\u0161tva utjecaju opasnosti i pove\u0107anje sigurnosti hrvatskog i talijanskog Jadranskog bazena pobolj\u0161anjem mjera i instrumenata za sprje\u010davanje i upravljanje izvanrednim stanjima<\/p>\n\n\n\n<p><strong>AKTIVNOSTI: &nbsp;&nbsp;&nbsp;<\/strong><\/p>\n\n\n\n<ul class=\"wp-block-list\">\n<li>Pobolj\u0161anje postoje\u0107ih regulativa za djelovanje \u017eurnih slu\u017ebi<\/li>\n\n\n\n<li>Pobolj\u0161anje sustava upravljanja u kriznim situacijama u smislu novih i inovativnih rje\u0161enja<\/li>\n\n\n\n<li>Poticanje djelovanja gra\u0111ana u slu\u010daju prirodnih katastrofa (po\u017eari, izlijevanje nafte i ostale morske opasnosti te potresi)<\/li>\n<\/ul>\n\n\n\n<p><strong>STATUS I TRAJANJE:<\/strong><\/p>\n\n\n\n<p>U provedbi (od 01.04.2020. do 31.12.2022.)<\/p>\n\n\n\n<p><strong>VRIJEDNOST PROJEKTA:<\/strong><\/p>\n\n\n\n<p>Ukupna vrijednost projekta: 16.492.799,60 EUR<br>Iznos sufinanciranja iz EU fondova: 14.018.879,66 EUR, odnosno 85%<br>Bud\u017eet Razvojne agencije: 745.134,00 EUR<br>Sufinanciranje Razvojne agencije: 111.770,10 EUR<\/p>\n\n\n\n<p><strong>ULOGA RAZVOJNE AGENCIJE:<\/strong><\/p>\n\n\n\n<p>Razvojna agencija je PARTNER na projektu, a nositelj projekta je Javna ustanova RERA SD za koordinaciju i razvoj Splitsko-dalmatinske \u017eupanije<\/p>\n\n\n\n<p><strong>PROGRAM \/ IZVOR FINANCIRANJA:<\/strong><\/p>\n\n\n\n<p>Interreg Italija \u2013 Hrvatska \u2013 strategic project 2019.<\/p>\n\n\n\n<p><strong>Link na web stranicu programa:<\/strong>&nbsp;<a href=\"https:\/\/www.italy-croatia.eu\/home\">https:\/\/www.italy-croatia.eu\/<\/a><\/p>\n","protected":false},"excerpt":{"rendered":"<p>NAZIV PROJEKTA: Fostering Improved Reaction of crossborder Emergency Services and Prevention Increasing safety Level &#8211; FIRESPILL CILJ PROJEKTA: &nbsp;&nbsp;&nbsp;&nbsp;&nbsp;&nbsp;&nbsp;&nbsp;&nbsp;&nbsp;&nbsp;&nbsp;&nbsp;&nbsp; Pobolj\u0161anje kapaciteta \u017eurnih slu\u017ebi u svrhu pove\u0107anja prekograni\u010dne u\u010dinkovitosti u borbi protiv prirodnih i ljudskim utjecajem izazvanih katastrofa smanjuju\u0107i izlo\u017eenost stanovni\u0161tva utjecaju opasnosti i pove\u0107anje sigurnosti hrvatskog i talijanskog Jadranskog bazena pobolj\u0161anjem mjera i instrumenata za&#8230;<\/p>\n","protected":false},"author":1,"featured_media":0,"parent":0,"menu_order":0,"comment_status":"closed","ping_status":"closed","template":"","meta":{"footnotes":""},"class_list":["post-14213","page","type-page","status-publish","hentry"],"publishpress_future_action":{"enabled":false,"date":"1970-01-01 01:00:00","action":"","terms":[],"taxonomy":"","browser_timezone_offset":0},"rttpg_featured_image_url":null,"rttpg_author":{"display_name":"admin","author_link":"http:\/\/pou-si.hr\/rra\/author\/admin\/"},"rttpg_comment":0,"rttpg_category":false,"rttpg_excerpt":"NAZIV PROJEKTA: Fostering Improved Reaction of crossborder Emergency Services and Prevention Increasing safety Level &#8211; FIRESPILL CILJ PROJEKTA: &nbsp;&nbsp;&nbsp;&nbsp;&nbsp;&nbsp;&nbsp;&nbsp;&nbsp;&nbsp;&nbsp;&nbsp;&nbsp;&nbsp; Pobolj\u0161anje kapaciteta \u017eurnih slu\u017ebi u svrhu pove\u0107anja prekograni\u010dne u\u010dinkovitosti u borbi protiv prirodnih i ljudskim utjecajem izazvanih katastrofa smanjuju\u0107i izlo\u017eenost stanovni\u0161tva utjecaju opasnosti i pove\u0107anje sigurnosti hrvatskog i talijanskog Jadranskog bazena pobolj\u0161anjem mjera i instrumenata za...","_links":{"self":[{"href":"http:\/\/pou-si.hr\/rra\/wp-json\/wp\/v2\/pages\/14213","targetHints":{"allow":["GET"]}}],"collection":[{"href":"http:\/\/pou-si.hr\/rra\/wp-json\/wp\/v2\/pages"}],"about":[{"href":"http:\/\/pou-si.hr\/rra\/wp-json\/wp\/v2\/types\/page"}],"author":[{"embeddable":true,"href":"http:\/\/pou-si.hr\/rra\/wp-json\/wp\/v2\/users\/1"}],"replies":[{"embeddable":true,"href":"http:\/\/pou-si.hr\/rra\/wp-json\/wp\/v2\/comments?post=14213"}],"version-history":[{"count":1,"href":"http:\/\/pou-si.hr\/rra\/wp-json\/wp\/v2\/pages\/14213\/revisions"}],"predecessor-version":[{"id":14216,"href":"http:\/\/pou-si.hr\/rra\/wp-json\/wp\/v2\/pages\/14213\/revisions\/14216"}],"wp:attachment":[{"href":"http:\/\/pou-si.hr\/rra\/wp-json\/wp\/v2\/media?parent=14213"}],"curies":[{"name":"wp","href":"https:\/\/api.w.org\/{rel}","templated":true}]}}