{"id":14066,"date":"2023-09-02T11:34:22","date_gmt":"2023-09-02T09:34:22","guid":{"rendered":"http:\/\/pou-si.hr\/rra\/?page_id=14066"},"modified":"2023-09-02T11:38:13","modified_gmt":"2023-09-02T09:38:13","slug":"plavi-jadran","status":"publish","type":"page","link":"http:\/\/pou-si.hr\/rra\/plavi-jadran\/","title":{"rendered":"PLAVI JADRAN"},"content":{"rendered":"\n<figure class=\"wp-block-image size-full\"><img loading=\"lazy\" decoding=\"async\" width=\"575\" height=\"768\" src=\"http:\/\/pou-si.hr\/rra\/wp-content\/uploads\/2023\/09\/plavijadranlogopage0001.jpg\" alt=\"\" class=\"wp-image-14068\"\/><\/figure>\n\n\n\n<p><strong>CILJ PROJEKTA<\/strong><\/p>\n\n\n\n<p>Projekt ima za cilj smanjenje utjecaja otpada u moru na morski ekosustav te se projektom planira 5 ekolo\u0161kih akcija \u010di\u0161\u0107enja podmorja na 5 lokacija Grada \u0160ibenika koje se nalaze unutar ekolo\u0161ke mre\u017ee NATURA 2000. Ovim akcijama \u017eeli se podi\u0107i svijest gra\u0111ana o postojanju problema one\u010di\u0161\u0107enja mora te njegovom negativnom utjecaju na morski ekosustav.<\/p>\n\n\n\n<p><strong>AKTIVNOSTI:<\/strong><\/p>\n\n\n\n<ol class=\"wp-block-list\">\n<li>Upravljanje projektom,<\/li>\n\n\n\n<li>Organizacija 5 akcija \u010di\u0161\u0107enja podmorja na podru\u010dju Grada \u0160ibenika<\/li>\n\n\n\n<li>Promid\u017eba i vidljivost.<\/li>\n<\/ol>\n\n\n\n<p><strong>STATUS I TRAJANJE:<\/strong><\/p>\n\n\n\n<p>Projekt je u provedbi od 01. rujna 2022. do 01. o\u017eujka 2023. godine.<\/p>\n\n\n\n<p><strong>VRIJEDNOST PROJEKTA:<\/strong><\/p>\n\n\n\n<p>77.095,50 kn<\/p>\n\n\n\n<p><strong>ULOGA JURA \u0160K\u017d:<\/strong><\/p>\n\n\n\n<p>Razvojna agencija \u0160ibensko-kninske \u017eupanije je partner na projektu te je njezina uloga pru\u017eanje savjetodavne podr\u0161ke pri provedbi projektnih aktivnosti.<\/p>\n\n\n\n<p>Nositelj projekta je udruga EMEDEA.<\/p>\n\n\n\n<p><strong>PROGRAM\/IZVOR FINANCIRANJA:<\/strong><\/p>\n\n\n\n<p>Projekt je sufinanciran iz Fonda za za\u0161titu okoli\u0161a i energetsku u\u010dinkovitost u iznosu od 40%.<\/p>\n","protected":false},"excerpt":{"rendered":"<p>CILJ PROJEKTA Projekt ima za cilj smanjenje utjecaja otpada u moru na morski ekosustav te se projektom planira 5 ekolo\u0161kih akcija \u010di\u0161\u0107enja podmorja na 5 lokacija Grada \u0160ibenika koje se nalaze unutar ekolo\u0161ke mre\u017ee NATURA 2000. Ovim akcijama \u017eeli se podi\u0107i svijest gra\u0111ana o postojanju problema one\u010di\u0161\u0107enja mora te njegovom negativnom utjecaju na morski ekosustav&#8230;.<\/p>\n","protected":false},"author":1,"featured_media":14068,"parent":0,"menu_order":0,"comment_status":"closed","ping_status":"closed","template":"","meta":{"footnotes":""},"class_list":["post-14066","page","type-page","status-publish","has-post-thumbnail","hentry"],"publishpress_future_action":{"enabled":false,"date":"1970-01-01 01:00:00","action":"","terms":[],"taxonomy":"","browser_timezone_offset":0},"rttpg_featured_image_url":{"full":["http:\/\/pou-si.hr\/rra\/wp-content\/uploads\/2023\/09\/plavijadranlogopage0001.jpg",575,768,false],"landscape":["http:\/\/pou-si.hr\/rra\/wp-content\/uploads\/2023\/09\/plavijadranlogopage0001.jpg",575,768,false],"portraits":["http:\/\/pou-si.hr\/rra\/wp-content\/uploads\/2023\/09\/plavijadranlogopage0001.jpg",575,768,false],"thumbnail":["http:\/\/pou-si.hr\/rra\/wp-content\/uploads\/2023\/09\/plavijadranlogopage0001-150x150.jpg",150,150,true],"medium":["http:\/\/pou-si.hr\/rra\/wp-content\/uploads\/2023\/09\/plavijadranlogopage0001-225x300.jpg",225,300,true],"large":["http:\/\/pou-si.hr\/rra\/wp-content\/uploads\/2023\/09\/plavijadranlogopage0001.jpg",575,768,false],"rsaddon-team-round-style":["http:\/\/pou-si.hr\/rra\/wp-content\/uploads\/2023\/09\/plavijadranlogopage0001-500x500.jpg",500,500,true],"1536x1536":["http:\/\/pou-si.hr\/rra\/wp-content\/uploads\/2023\/09\/plavijadranlogopage0001.jpg",575,768,false],"2048x2048":["http:\/\/pou-si.hr\/rra\/wp-content\/uploads\/2023\/09\/plavijadranlogopage0001.jpg",575,768,false],"reobiz_portfolio-slider":["http:\/\/pou-si.hr\/rra\/wp-content\/uploads\/2023\/09\/plavijadranlogopage0001-520x640.jpg",520,640,true],"reobiz_portfolio-full-slider":["http:\/\/pou-si.hr\/rra\/wp-content\/uploads\/2023\/09\/plavijadranlogopage0001-575x650.jpg",575,650,true],"reobiz_blog-slider":["http:\/\/pou-si.hr\/rra\/wp-content\/uploads\/2023\/09\/plavijadranlogopage0001-365x243.jpg",365,243,true],"reobiz_blog_long_height":["http:\/\/pou-si.hr\/rra\/wp-content\/uploads\/2023\/09\/plavijadranlogopage0001-365x480.jpg",365,480,true],"reobiz_latest_blog_small":["http:\/\/pou-si.hr\/rra\/wp-content\/uploads\/2023\/09\/plavijadranlogopage0001-255x157.jpg",255,157,true],"reobiz_latest_blog_medium":["http:\/\/pou-si.hr\/rra\/wp-content\/uploads\/2023\/09\/plavijadranlogopage0001-340x270.jpg",340,270,true],"reobiz_image_slider_big":["http:\/\/pou-si.hr\/rra\/wp-content\/uploads\/2023\/09\/plavijadranlogopage0001-575x450.jpg",575,450,true],"reobiz_blog-footer":["http:\/\/pou-si.hr\/rra\/wp-content\/uploads\/2023\/09\/plavijadranlogopage0001-80x68.jpg",80,68,true]},"rttpg_author":{"display_name":"admin","author_link":"http:\/\/pou-si.hr\/rra\/author\/admin\/"},"rttpg_comment":0,"rttpg_category":false,"rttpg_excerpt":"CILJ PROJEKTA Projekt ima za cilj smanjenje utjecaja otpada u moru na morski ekosustav te se projektom planira 5 ekolo\u0161kih akcija \u010di\u0161\u0107enja podmorja na 5 lokacija Grada \u0160ibenika koje se nalaze unutar ekolo\u0161ke mre\u017ee NATURA 2000. Ovim akcijama \u017eeli se podi\u0107i svijest gra\u0111ana o postojanju problema one\u010di\u0161\u0107enja mora te njegovom negativnom utjecaju na morski ekosustav....","_links":{"self":[{"href":"http:\/\/pou-si.hr\/rra\/wp-json\/wp\/v2\/pages\/14066","targetHints":{"allow":["GET"]}}],"collection":[{"href":"http:\/\/pou-si.hr\/rra\/wp-json\/wp\/v2\/pages"}],"about":[{"href":"http:\/\/pou-si.hr\/rra\/wp-json\/wp\/v2\/types\/page"}],"author":[{"embeddable":true,"href":"http:\/\/pou-si.hr\/rra\/wp-json\/wp\/v2\/users\/1"}],"replies":[{"embeddable":true,"href":"http:\/\/pou-si.hr\/rra\/wp-json\/wp\/v2\/comments?post=14066"}],"version-history":[{"count":2,"href":"http:\/\/pou-si.hr\/rra\/wp-json\/wp\/v2\/pages\/14066\/revisions"}],"predecessor-version":[{"id":14069,"href":"http:\/\/pou-si.hr\/rra\/wp-json\/wp\/v2\/pages\/14066\/revisions\/14069"}],"wp:featuredmedia":[{"embeddable":true,"href":"http:\/\/pou-si.hr\/rra\/wp-json\/wp\/v2\/media\/14068"}],"wp:attachment":[{"href":"http:\/\/pou-si.hr\/rra\/wp-json\/wp\/v2\/media?parent=14066"}],"curies":[{"name":"wp","href":"https:\/\/api.w.org\/{rel}","templated":true}]}}